{"id":329,"date":"2025-07-11T09:51:32","date_gmt":"2025-07-11T09:51:32","guid":{"rendered":"https:\/\/lcd-a.fr\/index.php\/michel-cheron\/"},"modified":"2025-09-24T15:03:11","modified_gmt":"2025-09-24T15:03:11","slug":"michel-cheron","status":"publish","type":"page","link":"https:\/\/lcd-a.fr\/index.php\/michel-cheron\/","title":{"rendered":"Michel CH\u00c9RON"},"content":{"rendered":"\n<div class=\"wp-block-columns is-layout-flex wp-container-core-columns-is-layout-9d6595d7 wp-block-columns-is-layout-flex\">\n<div class=\"wp-block-column is-vertically-aligned-center is-layout-flow wp-block-column-is-layout-flow\" style=\"flex-basis:25%\"><\/div>\n\n\n\n<div class=\"wp-block-column is-layout-flow wp-block-column-is-layout-flow\" style=\"flex-basis:50%\">\n\n<\/div>\n\n\n\n<div class=\"wp-block-column is-vertically-aligned-center is-layout-flow wp-block-column-is-layout-flow\" style=\"flex-basis:25%\"><\/div>\n<\/div>\n\n\n\n<p>\ud83e\udd1d Professionnel du d\u00e9veloppement commercial B2B depuis plus de 25 ans, j\u2019ai construit une carri\u00e8re fond\u00e9e sur l\u2019\u00e9coute, la n\u00e9gociation et la performance durable.<\/p>\n\n\n\n<p>Mon sens aigu des affaires, ma capacit\u00e9 \u00e0 convaincre et ma pugnacit\u00e9 me permettent de transformer les opportunit\u00e9s en partenariats solides et durables.<\/p>\n\n\n\n<p>\ud83d\udcbc Honn\u00eate, int\u00e8gre et orient\u00e9 solutions, je privil\u00e9gie des relations bas\u00e9es sur la confiance et la transparence. J\u2019excelle dans la compr\u00e9hension fine des besoins clients et dans la co-construction de propositions \u00e0 forte valeur ajout\u00e9e, en m\u2019appuyant sur une communication claire, persuasive et toujours align\u00e9e avec les objectifs strat\u00e9giques.<\/p>\n\n\n\n<p>\ud83c\udf0d Mon ouverture d\u2019esprit et mon agilit\u00e9 me permettent d\u2019\u00e9voluer efficacement dans des environnements complexes et en mutation. Je sais adapter mes m\u00e9thodes, prioriser efficacement, et optimiser mon temps pour atteindre \u2013 voire d\u00e9passer \u2013 mes objectifs commerciaux.<\/p>\n\n\n\n<p>\ud83d\udcc8 R\u00e9solument orient\u00e9 r\u00e9sultats, je m\u2019investis pleinement dans la cr\u00e9ation de croissance, la fid\u00e9lisation client, et la n\u00e9gociation de contrats structurants, tout en cultivant une approche humaine et empathique des relations professionnelles.<\/p>\n\n\n\n<p>\ud83c\udf31 J&rsquo;ai h\u00e2te de tisser de nouveaux liens, d&rsquo;accompagner une structure dont je partage les valeurs, de relever de nouveaux d\u00e9fis avec bienveillance.<\/p>\n\n\n\n<h2 class=\"wp-block-heading has-text-align-center\">Contact<\/h2>\n\n\n\n<p class=\"has-text-align-center\">\u2709 <strong>michel.cheron34@gmail.com<\/strong><br><strong><strong>\u260e<\/strong>&nbsp;<\/strong>06.50.16.63.43<br>\u2613 CASTELNAU-LE-LEZ<\/p>\n","protected":false},"excerpt":{"rendered":"<p>\ud83e\udd1d Professionnel du d\u00e9veloppement commercial B2B depuis plus de 25 ans, j\u2019ai construit une carri\u00e8re fond\u00e9e sur l\u2019\u00e9coute, la n\u00e9gociation et la performance durable. Mon sens aigu des affaires, ma capacit\u00e9 \u00e0 convaincre et ma pugnacit\u00e9 me permettent de transformer les opportunit\u00e9s en partenariats solides et durables. \ud83d\udcbc Honn\u00eate, int\u00e8gre et orient\u00e9 solutions, je privil\u00e9gie [&hellip;]<\/p>\n","protected":false},"author":1,"featured_media":0,"parent":0,"menu_order":0,"comment_status":"closed","ping_status":"closed","template":"","meta":{"saved_in_kubio":true,"footnotes":""},"class_list":["post-329","page","type-page","status-publish","hentry"],"kubio_ai_page_context":{"short_desc":"","purpose":"general"},"_links":{"self":[{"href":"https:\/\/lcd-a.fr\/index.php\/wp-json\/wp\/v2\/pages\/329","targetHints":{"allow":["GET"]}}],"collection":[{"href":"https:\/\/lcd-a.fr\/index.php\/wp-json\/wp\/v2\/pages"}],"about":[{"href":"https:\/\/lcd-a.fr\/index.php\/wp-json\/wp\/v2\/types\/page"}],"author":[{"embeddable":true,"href":"https:\/\/lcd-a.fr\/index.php\/wp-json\/wp\/v2\/users\/1"}],"replies":[{"embeddable":true,"href":"https:\/\/lcd-a.fr\/index.php\/wp-json\/wp\/v2\/comments?post=329"}],"version-history":[{"count":2,"href":"https:\/\/lcd-a.fr\/index.php\/wp-json\/wp\/v2\/pages\/329\/revisions"}],"predecessor-version":[{"id":412,"href":"https:\/\/lcd-a.fr\/index.php\/wp-json\/wp\/v2\/pages\/329\/revisions\/412"}],"wp:attachment":[{"href":"https:\/\/lcd-a.fr\/index.php\/wp-json\/wp\/v2\/media?parent=329"}],"curies":[{"name":"wp","href":"https:\/\/api.w.org\/{rel}","templated":true}]}}