{"id":327,"date":"2025-07-11T09:24:11","date_gmt":"2025-07-11T09:24:11","guid":{"rendered":"https:\/\/lcd-a.fr\/index.php\/laurent-raybaud\/"},"modified":"2025-07-11T09:49:08","modified_gmt":"2025-07-11T09:49:08","slug":"laurent-raybaud","status":"publish","type":"page","link":"https:\/\/lcd-a.fr\/index.php\/laurent-raybaud\/","title":{"rendered":"Laurent RAYBAUD"},"content":{"rendered":"\n<div class=\"wp-block-columns is-layout-flex wp-container-core-columns-is-layout-9d6595d7 wp-block-columns-is-layout-flex\">\n<div class=\"wp-block-column is-vertically-aligned-center is-layout-flow wp-block-column-is-layout-flow\" style=\"flex-basis:25%\"><\/div>\n\n\n\n<div class=\"wp-block-column is-layout-flow wp-block-column-is-layout-flow\" style=\"flex-basis:50%\">\n\n<\/div>\n\n\n\n<div class=\"wp-block-column is-vertically-aligned-center is-layout-flow wp-block-column-is-layout-flow\" style=\"flex-basis:25%\"><\/div>\n<\/div>\n\n\n\n<p>Fort de plus de 40 d&rsquo;exp\u00e9riences en informatique, je conseille les dirigeants d\u2019entreprise \u00e0 d\u00e9finir une strat\u00e9gie de leur syst\u00e8me d\u2019information align\u00e9 avec la strat\u00e9gie de l\u2019entreprise, tout en garantissant son agilit\u00e9 et sa s\u00e9curit\u00e9.<\/p>\n\n\n\n<p>Je con\u00e7ois des solutions informatiques qui r\u00e9pondent aux d\u00e9fis actuels, mais qui pr\u00e9parent \u00e9galement l&rsquo;organisation aux \u00e9volutions futures. Cette vision globale me permet de g\u00e9rer des situations complexes, apportant de la valeur ajout\u00e9e et une r\u00e9ponse concr\u00e8te aux d\u00e9cideurs face aux enjeux num\u00e9riques d&rsquo;aujourd&rsquo;hui.<\/p>\n\n\n\n<p>J&rsquo;accompagne des TPE et PME de la r\u00e9gion de Montpellier<\/p>\n\n\n\n<h2 class=\"wp-block-heading has-text-align-center\">Contact<\/h2>\n\n\n\n<p class=\"has-text-align-center\">\u2709 <strong>lraybaud@almosi.net<\/strong><br><strong><strong>\u260e<\/strong>\u00a0<\/strong>06.17.37.36.65<br>\u27a4 <a href=\"https:\/\/www.linkedin.com\/in\/laurent-raybaud-almosi\/\">https:\/\/www.linkedin.com\/in\/laurent-raybaud-almosi\/<\/a><br>\u2613 MONTPELLIER<\/p>\n","protected":false},"excerpt":{"rendered":"<p>Fort de plus de 40 d&rsquo;exp\u00e9riences en informatique, je conseille les dirigeants d\u2019entreprise \u00e0 d\u00e9finir une strat\u00e9gie de leur syst\u00e8me d\u2019information align\u00e9 avec la strat\u00e9gie de l\u2019entreprise, tout en garantissant son agilit\u00e9 et sa s\u00e9curit\u00e9. Je con\u00e7ois des solutions informatiques qui r\u00e9pondent aux d\u00e9fis actuels, mais qui pr\u00e9parent \u00e9galement l&rsquo;organisation aux \u00e9volutions futures. Cette vision [&hellip;]<\/p>\n","protected":false},"author":1,"featured_media":0,"parent":0,"menu_order":0,"comment_status":"closed","ping_status":"closed","template":"","meta":{"saved_in_kubio":true,"footnotes":""},"class_list":["post-327","page","type-page","status-publish","hentry"],"kubio_ai_page_context":{"short_desc":"","purpose":"general"},"_links":{"self":[{"href":"https:\/\/lcd-a.fr\/index.php\/wp-json\/wp\/v2\/pages\/327","targetHints":{"allow":["GET"]}}],"collection":[{"href":"https:\/\/lcd-a.fr\/index.php\/wp-json\/wp\/v2\/pages"}],"about":[{"href":"https:\/\/lcd-a.fr\/index.php\/wp-json\/wp\/v2\/types\/page"}],"author":[{"embeddable":true,"href":"https:\/\/lcd-a.fr\/index.php\/wp-json\/wp\/v2\/users\/1"}],"replies":[{"embeddable":true,"href":"https:\/\/lcd-a.fr\/index.php\/wp-json\/wp\/v2\/comments?post=327"}],"version-history":[{"count":1,"href":"https:\/\/lcd-a.fr\/index.php\/wp-json\/wp\/v2\/pages\/327\/revisions"}],"predecessor-version":[{"id":328,"href":"https:\/\/lcd-a.fr\/index.php\/wp-json\/wp\/v2\/pages\/327\/revisions\/328"}],"wp:attachment":[{"href":"https:\/\/lcd-a.fr\/index.php\/wp-json\/wp\/v2\/media?parent=327"}],"curies":[{"name":"wp","href":"https:\/\/api.w.org\/{rel}","templated":true}]}}