{"id":324,"date":"2025-07-11T09:17:47","date_gmt":"2025-07-11T09:17:47","guid":{"rendered":"https:\/\/lcd-a.fr\/index.php\/aida-salem-ales\/"},"modified":"2025-07-11T09:20:57","modified_gmt":"2025-07-11T09:20:57","slug":"aida-salem-ales","status":"publish","type":"page","link":"https:\/\/lcd-a.fr\/index.php\/aida-salem-ales\/","title":{"rendered":"A\u00efda SALEM ALES"},"content":{"rendered":"\n<div class=\"wp-block-columns is-layout-flex wp-container-core-columns-is-layout-9d6595d7 wp-block-columns-is-layout-flex\">\n<div class=\"wp-block-column is-vertically-aligned-center is-layout-flow wp-block-column-is-layout-flow\" style=\"flex-basis:25%\"><\/div>\n\n\n\n<div class=\"wp-block-column is-layout-flow wp-block-column-is-layout-flow\" style=\"flex-basis:50%\">\n\n<\/div>\n\n\n\n<div class=\"wp-block-column is-vertically-aligned-center is-layout-flow wp-block-column-is-layout-flow\" style=\"flex-basis:25%\"><\/div>\n<\/div>\n\n\n\n<p class=\"has-text-align-center\">Je conseille et j&rsquo;accompagne des projets d&rsquo;int\u00e9r\u00eats g\u00e9n\u00e9ral en Occitanie.<\/p>\n\n\n\n<p>A Montpellier, j&rsquo;ai la chance de d\u00e9fendre La Bulle Bleue qui permet \u00e0 des personnes en situation de handicap de pouvoir travailler comme tout un chacun ; je cr\u00e9e alors des liens entre la bulle bleue et des entreprises H\u00e9raultaises qui souhaitent s&rsquo;engager en faveur du handicap et de l&rsquo;inclusion.<\/p>\n\n\n\n<p class=\"has-text-align-center\">C&rsquo;est primordial pour moi de me lever le matin et de participer \u00e0 un projet d&rsquo;int\u00e9r\u00eat g\u00e9n\u00e9ral sur mon territoire. De contribuer \u00e0 l&rsquo;\u00e9conomie de la vie.<\/p>\n\n\n\n<h2 class=\"wp-block-heading has-text-align-center\">Contact<\/h2>\n\n\n\n<p class=\"has-text-align-center\"><strong>aidasalem@samyrebaa-consultants.fr<\/strong><br><strong>\u260e\u00a0<\/strong>06.11.73.64.85<br>MONTPELLIER<\/p>\n","protected":false},"excerpt":{"rendered":"<p>Je conseille et j&rsquo;accompagne des projets d&rsquo;int\u00e9r\u00eats g\u00e9n\u00e9ral en Occitanie. A Montpellier, j&rsquo;ai la chance de d\u00e9fendre La Bulle Bleue qui permet \u00e0 des personnes en situation de handicap de pouvoir travailler comme tout un chacun ; je cr\u00e9e alors des liens entre la bulle bleue et des entreprises H\u00e9raultaises qui souhaitent s&rsquo;engager en faveur [&hellip;]<\/p>\n","protected":false},"author":1,"featured_media":0,"parent":0,"menu_order":0,"comment_status":"closed","ping_status":"closed","template":"","meta":{"saved_in_kubio":true,"footnotes":""},"class_list":["post-324","page","type-page","status-publish","hentry"],"kubio_ai_page_context":{"short_desc":"","purpose":"general"},"_links":{"self":[{"href":"https:\/\/lcd-a.fr\/index.php\/wp-json\/wp\/v2\/pages\/324","targetHints":{"allow":["GET"]}}],"collection":[{"href":"https:\/\/lcd-a.fr\/index.php\/wp-json\/wp\/v2\/pages"}],"about":[{"href":"https:\/\/lcd-a.fr\/index.php\/wp-json\/wp\/v2\/types\/page"}],"author":[{"embeddable":true,"href":"https:\/\/lcd-a.fr\/index.php\/wp-json\/wp\/v2\/users\/1"}],"replies":[{"embeddable":true,"href":"https:\/\/lcd-a.fr\/index.php\/wp-json\/wp\/v2\/comments?post=324"}],"version-history":[{"count":1,"href":"https:\/\/lcd-a.fr\/index.php\/wp-json\/wp\/v2\/pages\/324\/revisions"}],"predecessor-version":[{"id":326,"href":"https:\/\/lcd-a.fr\/index.php\/wp-json\/wp\/v2\/pages\/324\/revisions\/326"}],"wp:attachment":[{"href":"https:\/\/lcd-a.fr\/index.php\/wp-json\/wp\/v2\/media?parent=324"}],"curies":[{"name":"wp","href":"https:\/\/api.w.org\/{rel}","templated":true}]}}