{"id":303,"date":"2025-06-30T14:04:52","date_gmt":"2025-06-30T14:04:52","guid":{"rendered":"https:\/\/lcd-a.fr\/index.php\/stephane-rocher\/"},"modified":"2025-06-30T14:09:12","modified_gmt":"2025-06-30T14:09:12","slug":"stephane-rocher","status":"publish","type":"page","link":"https:\/\/lcd-a.fr\/index.php\/stephane-rocher\/","title":{"rendered":"St\u00e9phane ROCHER"},"content":{"rendered":"\n<div class=\"wp-block-columns is-layout-flex wp-container-core-columns-is-layout-9d6595d7 wp-block-columns-is-layout-flex\">\n<div class=\"wp-block-column is-vertically-aligned-center is-layout-flow wp-block-column-is-layout-flow\" style=\"flex-basis:25%\"><\/div>\n\n\n\n<div class=\"wp-block-column is-layout-flow wp-block-column-is-layout-flow\" style=\"flex-basis:50%\">\n\n<\/div>\n\n\n\n<div class=\"wp-block-column is-vertically-aligned-center is-layout-flow wp-block-column-is-layout-flow\" style=\"flex-basis:25%\"><\/div>\n<\/div>\n\n\n\n<p>Je suis St\u00e9phane ROCHER,<\/p>\n\n\n\n<p>j\u2019ai 3 p\u00f4les de comp\u00e9tences qui sont :<\/p>\n\n\n\n<p>Immobilier Financement Placement<\/p>\n\n\n\n<p>Que vous souhaitiez :<\/p>\n\n\n\n<p>&#8211; Acqu\u00e9rir ou vendre un bien immobilier<\/p>\n\n\n\n<p>&#8211; Financer une acquisition immobili\u00e8re<\/p>\n\n\n\n<p>&#8211; Prot\u00e9ger votre famille<\/p>\n\n\n\n<p>&#8211; R\u00e9duire votre fiscalit\u00e9<\/p>\n\n\n\n<p>&#8211; Pr\u00e9parer votre retraite<\/p>\n\n\n\n<p>&#8211; Transmettre tout ou partie de votre patrimoine<\/p>\n\n\n\n<p>Je vous accompagne avec rigueur et engagement \u00e0 chaque \u00e9tape de vos projets.<\/p>\n\n\n\n<p>En tant que conseiller immobilier ind\u00e9pendant, mon approche est fond\u00e9e sur l\u2019\u00e9coute de vos besoins sp\u00e9cifiques, l\u2019analyse pr\u00e9cise du march\u00e9 et un accompagnement personnalis\u00e9 sur-mesure.<\/p>\n\n\n\n<p>Mon r\u00f4le de courtier en cr\u00e9dit immobilier est de d\u00e9fendre vos int\u00e9r\u00eats aupr\u00e8s des banques pour vous obtenir les conditions les plus avantageuses (taux, assurance, dur\u00e9e)<\/p>\n\n\n\n<p>En tant que conseiller en gestion patrimoniale, je vous accompagne dans l\u2019\u00e9laboration de strat\u00e9gies adapt\u00e9es \u00e0 votre situation familiale, financi\u00e8re et fiscale. Avec l\u2019engagement de vous offrir des conseils 100% ind\u00e9pendants, centr\u00e9s sur vos seuls int\u00e9r\u00eats.<\/p>\n\n\n\n<h2 class=\"wp-block-heading has-text-align-center\">Contact<\/h2>\n\n\n\n<p class=\"has-text-align-center\"><strong>msconseils.am@gmail.com<\/strong><br><strong>\u260e\u00a0<\/strong>06.13.61.25.19<br>COURNONTERRAL<\/p>\n","protected":false},"excerpt":{"rendered":"<p>Je suis St\u00e9phane ROCHER, j\u2019ai 3 p\u00f4les de comp\u00e9tences qui sont : Immobilier Financement Placement Que vous souhaitiez : &#8211; Acqu\u00e9rir ou vendre un bien immobilier &#8211; Financer une acquisition immobili\u00e8re &#8211; Prot\u00e9ger votre famille &#8211; R\u00e9duire votre fiscalit\u00e9 &#8211; Pr\u00e9parer votre retraite &#8211; Transmettre tout ou partie de votre patrimoine Je vous accompagne avec [&hellip;]<\/p>\n","protected":false},"author":1,"featured_media":0,"parent":0,"menu_order":0,"comment_status":"closed","ping_status":"closed","template":"","meta":{"saved_in_kubio":true,"footnotes":""},"class_list":["post-303","page","type-page","status-publish","hentry"],"kubio_ai_page_context":{"short_desc":"","purpose":"general"},"_links":{"self":[{"href":"https:\/\/lcd-a.fr\/index.php\/wp-json\/wp\/v2\/pages\/303","targetHints":{"allow":["GET"]}}],"collection":[{"href":"https:\/\/lcd-a.fr\/index.php\/wp-json\/wp\/v2\/pages"}],"about":[{"href":"https:\/\/lcd-a.fr\/index.php\/wp-json\/wp\/v2\/types\/page"}],"author":[{"embeddable":true,"href":"https:\/\/lcd-a.fr\/index.php\/wp-json\/wp\/v2\/users\/1"}],"replies":[{"embeddable":true,"href":"https:\/\/lcd-a.fr\/index.php\/wp-json\/wp\/v2\/comments?post=303"}],"version-history":[{"count":1,"href":"https:\/\/lcd-a.fr\/index.php\/wp-json\/wp\/v2\/pages\/303\/revisions"}],"predecessor-version":[{"id":306,"href":"https:\/\/lcd-a.fr\/index.php\/wp-json\/wp\/v2\/pages\/303\/revisions\/306"}],"wp:attachment":[{"href":"https:\/\/lcd-a.fr\/index.php\/wp-json\/wp\/v2\/media?parent=303"}],"curies":[{"name":"wp","href":"https:\/\/api.w.org\/{rel}","templated":true}]}}