{"id":293,"date":"2025-06-30T13:53:29","date_gmt":"2025-06-30T13:53:29","guid":{"rendered":"https:\/\/lcd-a.fr\/index.php\/elodie-hochard\/"},"modified":"2025-06-30T14:04:15","modified_gmt":"2025-06-30T14:04:15","slug":"elodie-hochard","status":"publish","type":"page","link":"https:\/\/lcd-a.fr\/index.php\/elodie-hochard\/","title":{"rendered":"Elodie HOCHARD"},"content":{"rendered":"\n<div class=\"wp-block-columns is-layout-flex wp-container-core-columns-is-layout-9d6595d7 wp-block-columns-is-layout-flex\">\n<div class=\"wp-block-column is-vertically-aligned-center is-layout-flow wp-block-column-is-layout-flow\" style=\"flex-basis:25%\"><\/div>\n\n\n\n<div class=\"wp-block-column is-layout-flow wp-block-column-is-layout-flow\" style=\"flex-basis:50%\">\n\n<\/div>\n\n\n\n<div class=\"wp-block-column is-vertically-aligned-center is-layout-flow wp-block-column-is-layout-flow\" style=\"flex-basis:25%\"><\/div>\n<\/div>\n\n\n\n<p class=\"has-text-align-center\">Il y a 14 ans, \u00e0 un moment de grande remise en question personnelle et professionnelle, j\u2019ai particip\u00e9 \u00e0 une formation en Communication NonViolente\u00ae. Ce fut une r\u00e9v\u00e9lation. J\u2019y ai retrouv\u00e9 des valeurs que je portais depuis toujours, traduites dans un art de vivre concret et profond\u00e9ment humaniste. Ce jour-l\u00e0 a marqu\u00e9 un tournant, et m\u2019a mise sur le chemin d\u2019une transformation durable.<\/p>\n\n\n\n<p>Aujourd\u2019hui, j\u2019exerce depuis 13 ans en tant que th\u00e9rapeute et formatrice. J\u2019accompagne celles et ceux qui souhaitent sortir de sch\u00e9mas \u00e9motionnels ou relationnels r\u00e9p\u00e9titifs, retrouver une communication apais\u00e9e, et reprendre leur juste place, dans le respect de soi et de l\u2019autre.<\/p>\n\n\n\n<p>Je suis th\u00e9rapeute en Intelligence Relationnelle\u00ae, formatrice certifi\u00e9e en Communication NonViolente\u00ae par le CNVC, et coach certifi\u00e9e. Plus de 1200 personnes m\u2019ont d\u00e9j\u00e0 faite confiance dans le cadre de suivis individuels, de stages ou de cercles de soutien. Je suis r\u00e9guli\u00e8rement sollicit\u00e9e pour intervenir en festivals, conf\u00e9rences, salons, m\u00e9dias, et j\u2019ai eu l\u2019honneur de r\u00e9aliser un TEDx.<\/p>\n\n\n\n<p>Mon approche est \u00e0 la fois sensible et rigoureuse. Je travaille avec ce qui s\u2019exprime \u00e0 travers le langage, le corps, l\u2019implicite, et les \u00e9lans de vie rest\u00e9s en suspens. Je suis engag\u00e9e dans une pratique \u00e9thique, inclusive, et en \u00e9volution constante, nourrie par la supervision, la formation continue et l\u2019\u00e9change avec mes pairs.<\/p>\n\n\n\n<p>Dans mes formations (en pr\u00e9sentiel ou \u00e0 distance), je cr\u00e9e des espaces propices \u00e0 l\u2019exploration, alliant profondeur, clart\u00e9 et l\u00e9g\u00e8ret\u00e9. Le corps, la m\u00e9ditation, le jeu, la musique, les supports cr\u00e9atifs et l\u2019intelligence collective sont des ressources pr\u00e9cieuses que j\u2019aime mettre au service du processus. Il n\u2019est pas rare que l\u2019on chante ensemble, que l\u2019on rit, que l\u2019on touche quelque chose de vivant, d\u2019essentiel.<\/p>\n\n\n\n<p>Je transmets aujourd\u2019hui ce qui m\u2019a profond\u00e9ment transform\u00e9e, avec pr\u00e9sence, exigence bienveillante et joie d\u2019\u00eatre en lien.<\/p>\n\n\n\n<p class=\"has-text-align-center\">\u201cQuand on se sent libre d\u2019\u00eatre soi, les relations deviennent un terrain d\u2019\u00e9lan, et non de tension.\u201d<\/p>\n\n\n\n<h2 class=\"wp-block-heading has-text-align-center\">Contact<\/h2>\n\n\n\n<p class=\"has-text-align-center\"><strong>contact@elodie-hochard.com<\/strong><br><strong>\u260e\u00a0<\/strong>06.02.52.72.32<br>MONTPELLIER<\/p>\n","protected":false},"excerpt":{"rendered":"<p>Il y a 14 ans, \u00e0 un moment de grande remise en question personnelle et professionnelle, j\u2019ai particip\u00e9 \u00e0 une formation en Communication NonViolente\u00ae. Ce fut une r\u00e9v\u00e9lation. J\u2019y ai retrouv\u00e9 des valeurs que je portais depuis toujours, traduites dans un art de vivre concret et profond\u00e9ment humaniste. Ce jour-l\u00e0 a marqu\u00e9 un tournant, et [&hellip;]<\/p>\n","protected":false},"author":1,"featured_media":0,"parent":0,"menu_order":0,"comment_status":"closed","ping_status":"closed","template":"","meta":{"saved_in_kubio":true,"footnotes":""},"class_list":["post-293","page","type-page","status-publish","hentry"],"kubio_ai_page_context":{"short_desc":"","purpose":"general"},"_links":{"self":[{"href":"https:\/\/lcd-a.fr\/index.php\/wp-json\/wp\/v2\/pages\/293","targetHints":{"allow":["GET"]}}],"collection":[{"href":"https:\/\/lcd-a.fr\/index.php\/wp-json\/wp\/v2\/pages"}],"about":[{"href":"https:\/\/lcd-a.fr\/index.php\/wp-json\/wp\/v2\/types\/page"}],"author":[{"embeddable":true,"href":"https:\/\/lcd-a.fr\/index.php\/wp-json\/wp\/v2\/users\/1"}],"replies":[{"embeddable":true,"href":"https:\/\/lcd-a.fr\/index.php\/wp-json\/wp\/v2\/comments?post=293"}],"version-history":[{"count":2,"href":"https:\/\/lcd-a.fr\/index.php\/wp-json\/wp\/v2\/pages\/293\/revisions"}],"predecessor-version":[{"id":302,"href":"https:\/\/lcd-a.fr\/index.php\/wp-json\/wp\/v2\/pages\/293\/revisions\/302"}],"wp:attachment":[{"href":"https:\/\/lcd-a.fr\/index.php\/wp-json\/wp\/v2\/media?parent=293"}],"curies":[{"name":"wp","href":"https:\/\/api.w.org\/{rel}","templated":true}]}}