{"id":288,"date":"2025-06-30T13:47:14","date_gmt":"2025-06-30T13:47:14","guid":{"rendered":"https:\/\/lcd-a.fr\/index.php\/gregory-peloux\/"},"modified":"2025-06-30T13:57:59","modified_gmt":"2025-06-30T13:57:59","slug":"gregory-peloux","status":"publish","type":"page","link":"https:\/\/lcd-a.fr\/index.php\/gregory-peloux\/","title":{"rendered":"Gr\u00e9gory PELOUX"},"content":{"rendered":"\n<div class=\"wp-block-columns is-layout-flex wp-container-core-columns-is-layout-9d6595d7 wp-block-columns-is-layout-flex\">\n<div class=\"wp-block-column is-vertically-aligned-center is-layout-flow wp-block-column-is-layout-flow\" style=\"flex-basis:25%\"><\/div>\n\n\n\n<div class=\"wp-block-column is-layout-flow wp-block-column-is-layout-flow\" style=\"flex-basis:50%\">\n\n<\/div>\n\n\n\n<div class=\"wp-block-column is-vertically-aligned-center is-layout-flow wp-block-column-is-layout-flow\" style=\"flex-basis:25%\"><\/div>\n<\/div>\n\n\n\n<p class=\"has-text-align-center\">Directeur Commercial pour le sud de l&rsquo;Europe et le Maghreb chez BrightSign, leader mondial des solutions d\u2019affichage dynamique. Fort d\u2019une solide exp\u00e9rience dans le d\u00e9veloppement commercial sur le march\u00e9 de la communication digitale, j&rsquo;accompagne les entreprises et institutions dans la mise en \u0153uvre de dispositifs innovants et performants. Mon expertise porte sur les strat\u00e9gies audiovisuelles, la digitalisation des points de contact et le d\u00e9ploiement \u00e0 grande \u00e9chelle de solutions BrightSign.<\/p>\n\n\n\n<h2 class=\"wp-block-heading has-text-align-center\">Contact<\/h2>\n\n\n\n<p class=\"has-text-align-center\"><strong>gpeloux@brightsign.biz<\/strong><br><strong>\u260e\u00a0<\/strong>06.95.30.74.12<br>MONTPELLIER<\/p>\n","protected":false},"excerpt":{"rendered":"<p>Directeur Commercial pour le sud de l&rsquo;Europe et le Maghreb chez BrightSign, leader mondial des solutions d\u2019affichage dynamique. Fort d\u2019une solide exp\u00e9rience dans le d\u00e9veloppement commercial sur le march\u00e9 de la communication digitale, j&rsquo;accompagne les entreprises et institutions dans la mise en \u0153uvre de dispositifs innovants et performants. Mon expertise porte sur les strat\u00e9gies audiovisuelles, [&hellip;]<\/p>\n","protected":false},"author":1,"featured_media":0,"parent":0,"menu_order":0,"comment_status":"closed","ping_status":"closed","template":"","meta":{"saved_in_kubio":true,"footnotes":""},"class_list":["post-288","page","type-page","status-publish","hentry"],"kubio_ai_page_context":{"short_desc":"","purpose":"general"},"_links":{"self":[{"href":"https:\/\/lcd-a.fr\/index.php\/wp-json\/wp\/v2\/pages\/288","targetHints":{"allow":["GET"]}}],"collection":[{"href":"https:\/\/lcd-a.fr\/index.php\/wp-json\/wp\/v2\/pages"}],"about":[{"href":"https:\/\/lcd-a.fr\/index.php\/wp-json\/wp\/v2\/types\/page"}],"author":[{"embeddable":true,"href":"https:\/\/lcd-a.fr\/index.php\/wp-json\/wp\/v2\/users\/1"}],"replies":[{"embeddable":true,"href":"https:\/\/lcd-a.fr\/index.php\/wp-json\/wp\/v2\/comments?post=288"}],"version-history":[{"count":5,"href":"https:\/\/lcd-a.fr\/index.php\/wp-json\/wp\/v2\/pages\/288\/revisions"}],"predecessor-version":[{"id":299,"href":"https:\/\/lcd-a.fr\/index.php\/wp-json\/wp\/v2\/pages\/288\/revisions\/299"}],"wp:attachment":[{"href":"https:\/\/lcd-a.fr\/index.php\/wp-json\/wp\/v2\/media?parent=288"}],"curies":[{"name":"wp","href":"https:\/\/api.w.org\/{rel}","templated":true}]}}