{"id":219,"date":"2025-05-26T12:22:52","date_gmt":"2025-05-26T12:22:52","guid":{"rendered":"https:\/\/lcd-a.fr\/index.php\/cedric-baron\/"},"modified":"2025-07-28T11:44:14","modified_gmt":"2025-07-28T11:44:14","slug":"cedric-baron","status":"publish","type":"page","link":"https:\/\/lcd-a.fr\/index.php\/cedric-baron\/","title":{"rendered":"Cedric BARON"},"content":{"rendered":"\n<div class=\"wp-block-columns is-layout-flex wp-container-core-columns-is-layout-9d6595d7 wp-block-columns-is-layout-flex\">\n<div class=\"wp-block-column is-vertically-aligned-center is-layout-flow wp-block-column-is-layout-flow\" style=\"flex-basis:25%\"><\/div>\n\n\n\n<div class=\"wp-block-column is-layout-flow wp-block-column-is-layout-flow\" style=\"flex-basis:50%\">\n\n<\/div>\n\n\n\n<div class=\"wp-block-column is-vertically-aligned-center is-layout-flow wp-block-column-is-layout-flow\" style=\"flex-basis:25%\"><\/div>\n<\/div>\n\n\n\n<p class=\"has-text-align-center\">Install\u00e9 \u00e0 Montpellier depuis 1993, j&rsquo;ai travaill\u00e9 durant 27 ans dans les m\u00e9tiers de la communication et du marketing digital. Je change de voie en 2024 pour me consacrer aux activites immobili\u00e8res entreprises parall\u00e8lement a ma carriere. Depuis 2010, \u00e0 Valthorens, nous proposons en famille des h\u00e9bergements de standing et les \u00e9v\u00e9nements professionnels (incentives, seminaires, formations, team building) (500 sejours par an environ sur un parc residentiel d&rsquo;une vingtaine de Duplex pour 6 personnes, capacit\u00e9 d&rsquo;acceuil de 120 personnes) www.valthorenscosy.com<\/p>\n\n\n\n<p>Depuis 2020 \u00e0 Montpellier h\u00e9bergement et colocation de standing pour \u00e9tudiants (parc d&rsquo;une quinzaine de chambres \u00e0 Montpellier).<\/p>\n\n\n\n<p>J&rsquo;offre aujourdhui mon expertise pour permettre \u00e0 des investisseurs de miser sur la colocation, avec un accompagnement couvrant la recherche de biens et la transaction, les travaux de r\u00e9novation et de valorisation, la gestion locative.<\/p>\n\n\n\n<p>Je connais tr\u00e8s bien les r\u00e9seaux d&rsquo;entreprises locaux dans lesquels j&rsquo;aime faire des rencontres, tout simplement, puis business si affinit\u00e9s et grande confiance.<\/p>\n\n\n\n<p>Pour cela, sans faire expr\u00e8s avec Nathalie Perlati, le r\u00e9seau des Copains d&rsquo;abord s&rsquo;est constitu\u00e9 naturellement autour de valeurs importantes, l&rsquo;amiti\u00e9 sinc\u00e8re, le professionnalisme, le partage et la recommandation.<\/p>\n\n\n\n<p class=\"has-text-align-center\">Nous en sommes humblement les garants \ud83d\ude42<\/p>\n\n\n\n<h2 class=\"wp-block-heading has-text-align-center\">Contact<\/h2>\n\n\n\n<p class=\"has-text-align-center\"><strong>cedric@valthorenscosy.com<br>\u260e&nbsp;<\/strong>07.86.123179<br>Montpellier<\/p>\n","protected":false},"excerpt":{"rendered":"<p>Install\u00e9 \u00e0 Montpellier depuis 1993, j&rsquo;ai travaill\u00e9 durant 27 ans dans les m\u00e9tiers de la communication et du marketing digital. Je change de voie en 2024 pour me consacrer aux activites immobili\u00e8res entreprises parall\u00e8lement a ma carriere. Depuis 2010, \u00e0 Valthorens, nous proposons en famille des h\u00e9bergements de standing et les \u00e9v\u00e9nements professionnels (incentives, seminaires, [&hellip;]<\/p>\n","protected":false},"author":1,"featured_media":0,"parent":0,"menu_order":0,"comment_status":"closed","ping_status":"closed","template":"","meta":{"saved_in_kubio":true,"footnotes":""},"class_list":["post-219","page","type-page","status-publish","hentry"],"kubio_ai_page_context":{"short_desc":"","purpose":"general"},"_links":{"self":[{"href":"https:\/\/lcd-a.fr\/index.php\/wp-json\/wp\/v2\/pages\/219","targetHints":{"allow":["GET"]}}],"collection":[{"href":"https:\/\/lcd-a.fr\/index.php\/wp-json\/wp\/v2\/pages"}],"about":[{"href":"https:\/\/lcd-a.fr\/index.php\/wp-json\/wp\/v2\/types\/page"}],"author":[{"embeddable":true,"href":"https:\/\/lcd-a.fr\/index.php\/wp-json\/wp\/v2\/users\/1"}],"replies":[{"embeddable":true,"href":"https:\/\/lcd-a.fr\/index.php\/wp-json\/wp\/v2\/comments?post=219"}],"version-history":[{"count":11,"href":"https:\/\/lcd-a.fr\/index.php\/wp-json\/wp\/v2\/pages\/219\/revisions"}],"predecessor-version":[{"id":353,"href":"https:\/\/lcd-a.fr\/index.php\/wp-json\/wp\/v2\/pages\/219\/revisions\/353"}],"wp:attachment":[{"href":"https:\/\/lcd-a.fr\/index.php\/wp-json\/wp\/v2\/media?parent=219"}],"curies":[{"name":"wp","href":"https:\/\/api.w.org\/{rel}","templated":true}]}}