{"id":216,"date":"2025-05-26T12:21:19","date_gmt":"2025-05-26T12:21:19","guid":{"rendered":"https:\/\/lcd-a.fr\/index.php\/nicolas-actis-dana\/"},"modified":"2025-06-30T14:14:00","modified_gmt":"2025-06-30T14:14:00","slug":"nicolas-actis-dana","status":"publish","type":"page","link":"https:\/\/lcd-a.fr\/index.php\/nicolas-actis-dana\/","title":{"rendered":"Nicolas ACTIS DANA"},"content":{"rendered":"\n<div class=\"wp-block-columns is-layout-flex wp-container-core-columns-is-layout-9d6595d7 wp-block-columns-is-layout-flex\">\n<div class=\"wp-block-column is-vertically-aligned-center is-layout-flow wp-block-column-is-layout-flow\" style=\"flex-basis:25%\"><\/div>\n\n\n\n<div class=\"wp-block-column is-layout-flow wp-block-column-is-layout-flow\" style=\"flex-basis:50%\">\n\n<\/div>\n\n\n\n<div class=\"wp-block-column is-vertically-aligned-center is-layout-flow wp-block-column-is-layout-flow\" style=\"flex-basis:25%\"><\/div>\n<\/div>\n\n\n\n<p class=\"has-text-align-center\">J&rsquo;aide les personnes stress\u00e9es, angoiss\u00e9es ou bloqu\u00e9es dans leur vie \u00e0 lib\u00e9rer ce qui les emp\u00eache d&rsquo;avancer gr\u00e2ce \u00e0 la m\u00e9thode NERTI.<\/p>\n\n\n\n<p>J&rsquo;utilise une capacit\u00e9 naturelle du corps qui fait que si vous observez vraiment votre inconfort sans rien faire, celui-ci dispara\u00eet.<\/p>\n\n\n\n<p class=\"has-text-align-center\">Ici pas de techniques de relaxation ou d&rsquo;apaisement, on va au c\u0153ur de ce qui vous perturbe pour vous lib\u00e9rer.<\/p>\n\n\n\n<h2 class=\"wp-block-heading has-text-align-center\">Contact<\/h2>\n\n\n\n<p class=\"has-text-align-center\"><strong>apresquoitucours@gmail.com<br>\u260e&nbsp;<\/strong>06.17.01.19.31<br>SOMMIERES&nbsp;<\/p>\n","protected":false},"excerpt":{"rendered":"<p>J&rsquo;aide les personnes stress\u00e9es, angoiss\u00e9es ou bloqu\u00e9es dans leur vie \u00e0 lib\u00e9rer ce qui les emp\u00eache d&rsquo;avancer gr\u00e2ce \u00e0 la m\u00e9thode NERTI. J&rsquo;utilise une capacit\u00e9 naturelle du corps qui fait que si vous observez vraiment votre inconfort sans rien faire, celui-ci dispara\u00eet. Ici pas de techniques de relaxation ou d&rsquo;apaisement, on va au c\u0153ur de [&hellip;]<\/p>\n","protected":false},"author":1,"featured_media":0,"parent":0,"menu_order":0,"comment_status":"closed","ping_status":"closed","template":"","meta":{"saved_in_kubio":true,"footnotes":""},"class_list":["post-216","page","type-page","status-publish","hentry"],"kubio_ai_page_context":{"short_desc":"","purpose":"general"},"_links":{"self":[{"href":"https:\/\/lcd-a.fr\/index.php\/wp-json\/wp\/v2\/pages\/216","targetHints":{"allow":["GET"]}}],"collection":[{"href":"https:\/\/lcd-a.fr\/index.php\/wp-json\/wp\/v2\/pages"}],"about":[{"href":"https:\/\/lcd-a.fr\/index.php\/wp-json\/wp\/v2\/types\/page"}],"author":[{"embeddable":true,"href":"https:\/\/lcd-a.fr\/index.php\/wp-json\/wp\/v2\/users\/1"}],"replies":[{"embeddable":true,"href":"https:\/\/lcd-a.fr\/index.php\/wp-json\/wp\/v2\/comments?post=216"}],"version-history":[{"count":4,"href":"https:\/\/lcd-a.fr\/index.php\/wp-json\/wp\/v2\/pages\/216\/revisions"}],"predecessor-version":[{"id":308,"href":"https:\/\/lcd-a.fr\/index.php\/wp-json\/wp\/v2\/pages\/216\/revisions\/308"}],"wp:attachment":[{"href":"https:\/\/lcd-a.fr\/index.php\/wp-json\/wp\/v2\/media?parent=216"}],"curies":[{"name":"wp","href":"https:\/\/api.w.org\/{rel}","templated":true}]}}